{"id":1011,"date":"2026-01-27T13:29:08","date_gmt":"2026-01-27T13:29:08","guid":{"rendered":"https:\/\/socialistworld.net\/shop\/?post_type=product&#038;p=1011"},"modified":"2026-02-26T10:45:06","modified_gmt":"2026-02-26T10:45:06","slug":"chile-como-y-por-que-la-revolucion-fue-aplastada","status":"publish","type":"product","link":"https:\/\/socialistworld.net\/shop\/product\/chile-como-y-por-que-la-revolucion-fue-aplastada","title":{"rendered":"Chile &#8211; C\u00f3mo y Por qu\u00e9 La Revoluci\u00f3n Fue Aplastada"},"content":{"rendered":"","protected":false},"excerpt":{"rendered":"","protected":false},"featured_media":1012,"comment_status":"closed","ping_status":"closed","template":"","meta":[],"product_brand":[],"product_cat":[16,43],"product_tag":[],"class_list":{"0":"post-1011","1":"product","2":"type-product","3":"status-publish","4":"has-post-thumbnail","6":"product_cat-latest-books","7":"product_cat-tony-saunois","8":"ts_product_author-tony-saunois","10":"first","11":"instock","12":"purchasable","13":"product-type-simple"},"jetpack_sharing_enabled":true,"_links":{"self":[{"href":"https:\/\/socialistworld.net\/shop\/wp-json\/wp\/v2\/product\/1011","targetHints":{"allow":["GET"]}}],"collection":[{"href":"https:\/\/socialistworld.net\/shop\/wp-json\/wp\/v2\/product"}],"about":[{"href":"https:\/\/socialistworld.net\/shop\/wp-json\/wp\/v2\/types\/product"}],"replies":[{"embeddable":true,"href":"https:\/\/socialistworld.net\/shop\/wp-json\/wp\/v2\/comments?post=1011"}],"wp:featuredmedia":[{"embeddable":true,"href":"https:\/\/socialistworld.net\/shop\/wp-json\/wp\/v2\/media\/1012"}],"wp:attachment":[{"href":"https:\/\/socialistworld.net\/shop\/wp-json\/wp\/v2\/media?parent=1011"}],"wp:term":[{"taxonomy":"product_brand","embeddable":true,"href":"https:\/\/socialistworld.net\/shop\/wp-json\/wp\/v2\/product_brand?post=1011"},{"taxonomy":"product_cat","embeddable":true,"href":"https:\/\/socialistworld.net\/shop\/wp-json\/wp\/v2\/product_cat?post=1011"},{"taxonomy":"product_tag","embeddable":true,"href":"https:\/\/socialistworld.net\/shop\/wp-json\/wp\/v2\/product_tag?post=1011"}],"curies":[{"name":"wp","href":"https:\/\/api.w.org\/{rel}","templated":true}]}}